{"id":758,"date":"2018-07-09T20:47:23","date_gmt":"2018-07-09T20:47:23","guid":{"rendered":"https:\/\/inesbotelho.com\/wp\/?page_id=758"},"modified":"2019-03-25T22:43:59","modified_gmt":"2019-03-25T22:43:59","slug":"a-senhora-da-noite-e-das-brumas","status":"publish","type":"page","link":"https:\/\/inesbotelho.com\/en\/a-senhora-da-noite-e-das-brumas\/","title":{"rendered":"Lady of the Night and Mists"},"content":{"rendered":"<blockquote><p><img fetchpriority=\"high\" decoding=\"async\" class=\"wp-image-735 size-medium alignleft\" src=\"https:\/\/inesbotelhoteste.tk\/wp\/wp-content\/uploads\/2017\/05\/2012CapaSenhora400Modif-194x300.jpg\" alt=\"\" width=\"194\" height=\"300\" srcset=\"https:\/\/inesbotelho.com\/wp-content\/uploads\/2017\/05\/2012CapaSenhora400Modif-194x300.jpg 194w, https:\/\/inesbotelho.com\/wp-content\/uploads\/2017\/05\/2012CapaSenhora400Modif.jpg 400w\" sizes=\"(max-width: 194px) 100vw, 194px\" \/><\/p>\n<p style=\"text-align: justify;\">In this second tome of <em>The Sceptre of Aerzis<\/em>, the Lands of Light face danger once again. Morgriff has recovered his strength and invaded the city of Omnirion. The only hope for the People of Light is Galaduinne, the daughter of Ailura and Ed\u00ednmtor, who has taken refuge in Brum\u00edvium. And there, with the help of the Lady of Night and Mists and the priestesses of N\u00e9vila, she will learn the secrets of the night and prepare to face Morgriff.<\/p>\n<\/blockquote>\n<p style=\"text-align: justify;\">New lives, other paths and discoveries.<br \/>\nWith the plot unrolling throughout several years, it matters now to accept the importance of waiting, to learn about the past and the very core of Nature, to become immersed in both of them. There will be destruction in the meanwhile but also more knowledge, necessary changes, some enlightenment. The end is almost nigh. Every crucial piece set in place. Only the characters can unleash them.<\/p>\n<p>Buy:<\/p>\n<p><a href=\"https:\/\/www.wook.pt\/livro\/a-senhora-da-noite-e-das-brumas-ines-botelho\/48875\"><img decoding=\"async\" class=\"alignnone wp-image-656\" src=\"https:\/\/inesbotelhoteste.tk\/wp\/wp-content\/uploads\/2017\/03\/Wook_banner.png\" alt=\"\" width=\"120\" height=\"29\" srcset=\"https:\/\/inesbotelho.com\/wp-content\/uploads\/2017\/03\/Wook_banner.png 800w, https:\/\/inesbotelho.com\/wp-content\/uploads\/2017\/03\/Wook_banner-300x72.png 300w, https:\/\/inesbotelho.com\/wp-content\/uploads\/2017\/03\/Wook_banner-768x183.png 768w\" sizes=\"(max-width: 120px) 100vw, 120px\" \/><\/a><\/p>\n","protected":false},"excerpt":{"rendered":"<p>In this second tome of The Sceptre of Aerzis, the Lands of Light face danger once again. Morgriff has recovered his strength and invaded the city of Omnirion. The only hope for the People of Light is Galaduinne, the daughter of Ailura and Ed\u00ednmtor, who has taken refuge in Brum\u00edvium. And there, with the help [&hellip;]<\/p>\n","protected":false},"author":1,"featured_media":0,"parent":0,"menu_order":0,"comment_status":"closed","ping_status":"closed","template":"","meta":{"footnotes":""},"class_list":["post-758","page","type-page","status-publish","hentry"],"_links":{"self":[{"href":"https:\/\/inesbotelho.com\/en\/wp-json\/wp\/v2\/pages\/758","targetHints":{"allow":["GET"]}}],"collection":[{"href":"https:\/\/inesbotelho.com\/en\/wp-json\/wp\/v2\/pages"}],"about":[{"href":"https:\/\/inesbotelho.com\/en\/wp-json\/wp\/v2\/types\/page"}],"author":[{"embeddable":true,"href":"https:\/\/inesbotelho.com\/en\/wp-json\/wp\/v2\/users\/1"}],"replies":[{"embeddable":true,"href":"https:\/\/inesbotelho.com\/en\/wp-json\/wp\/v2\/comments?post=758"}],"version-history":[{"count":12,"href":"https:\/\/inesbotelho.com\/en\/wp-json\/wp\/v2\/pages\/758\/revisions"}],"predecessor-version":[{"id":1147,"href":"https:\/\/inesbotelho.com\/en\/wp-json\/wp\/v2\/pages\/758\/revisions\/1147"}],"wp:attachment":[{"href":"https:\/\/inesbotelho.com\/en\/wp-json\/wp\/v2\/media?parent=758"}],"curies":[{"name":"wp","href":"https:\/\/api.w.org\/{rel}","templated":true}]}}