{"id":844,"date":"2018-12-09T15:42:34","date_gmt":"2018-12-09T15:42:34","guid":{"rendered":"https:\/\/inesbotelho.com\/wp\/?page_id=844"},"modified":"2019-03-26T16:07:50","modified_gmt":"2019-03-26T16:07:50","slug":"o-dia-da-salamandra","status":"publish","type":"page","link":"https:\/\/inesbotelho.com\/en\/o-dia-da-salamandra\/","title":{"rendered":"The day of the salamander"},"content":{"rendered":"<blockquote><p><a href=\"https:\/\/www.fnac.pt\/Contos-Imperfeitos-Varios\/a950157\"><img fetchpriority=\"high\" decoding=\"async\" class=\"wp-image-956 size-medium alignleft\" src=\"https:\/\/inesbotelhoteste.tk\/wp\/wp-content\/uploads\/2019\/02\/Capa_contos_imperfeitos_Small-194x300.jpg\" alt=\"\" width=\"194\" height=\"300\" srcset=\"https:\/\/inesbotelho.com\/wp-content\/uploads\/2019\/02\/Capa_contos_imperfeitos_Small-194x300.jpg 194w, https:\/\/inesbotelho.com\/wp-content\/uploads\/2019\/02\/Capa_contos_imperfeitos_Small.jpg 482w\" sizes=\"(max-width: 194px) 100vw, 194px\" \/><\/a><\/p>\n<p style=\"text-align: justify;\">How many tales have arisen from the Monastery of Batalha?<br \/>\nThinking of all the stories mentally sketched day after day by every visitor who walks the centenary grounds of the Monastery, an idea sprouted: Why not use the Monastery as the starting point for a book?<br \/>\nWhy not challenge writers to wander, imagine, and pen stories that could later somewhat become the stories of those who would read them?<br \/>\nTo that purpose, twenty writers were invited to visit the Monastery for a weekend; they looked, touched, shared, felt. Then, they wrote.<br \/>\nTwenty tales, imperfect in their perfection.<br \/>\nHow many tales have arisen from history?<br \/>\nFor now, twenty.<\/p>\n<p>&nbsp;<\/p>\n<p>Tales authored by Afonso Cruz, Ana Cristina Silva, Andreia Monteiro, Ant\u00f3nio Manuel Venda, Cl\u00e1udia Clemente, Cristina Carvalho, Elsa Margarida Rodrigues, Fausta Cardoso Pereira, Fernando Jos\u00e9 Rodrigues, In\u00eas Botelho, In\u00eas Fonseca Santos, Jo\u00e3o Eduardo Ferreira, Jo\u00e3o Paulo Silva, Lu\u00eds Mour\u00e3o, Paulo Assim, Paulo Kellerman, Paulo Moreiras, Raquel Ochoa, Sara Monteiro, and S\u00edlvia Alves.<\/p><\/blockquote>\n<p style=\"text-align: justify;\">\u201cThe day of the salamander\u201d<\/p>\n<p>Teresa is once again awake in the chambers of the Monastery of Batalha. It is the ninth night since the cataclysm in Lisbon and stifling the memory becomes ever more difficult.<\/p>\n","protected":false},"excerpt":{"rendered":"<p>How many tales have arisen from the Monastery of Batalha? Thinking of all the stories mentally sketched day after day by every visitor who walks the centenary grounds of the Monastery, an idea sprouted: Why not use the Monastery as the starting point for a book? Why not challenge writers to wander, imagine, and pen [&hellip;]<\/p>\n","protected":false},"author":1,"featured_media":0,"parent":0,"menu_order":0,"comment_status":"closed","ping_status":"closed","template":"","meta":{"footnotes":""},"class_list":["post-844","page","type-page","status-publish","hentry"],"_links":{"self":[{"href":"https:\/\/inesbotelho.com\/en\/wp-json\/wp\/v2\/pages\/844","targetHints":{"allow":["GET"]}}],"collection":[{"href":"https:\/\/inesbotelho.com\/en\/wp-json\/wp\/v2\/pages"}],"about":[{"href":"https:\/\/inesbotelho.com\/en\/wp-json\/wp\/v2\/types\/page"}],"author":[{"embeddable":true,"href":"https:\/\/inesbotelho.com\/en\/wp-json\/wp\/v2\/users\/1"}],"replies":[{"embeddable":true,"href":"https:\/\/inesbotelho.com\/en\/wp-json\/wp\/v2\/comments?post=844"}],"version-history":[{"count":9,"href":"https:\/\/inesbotelho.com\/en\/wp-json\/wp\/v2\/pages\/844\/revisions"}],"predecessor-version":[{"id":1165,"href":"https:\/\/inesbotelho.com\/en\/wp-json\/wp\/v2\/pages\/844\/revisions\/1165"}],"wp:attachment":[{"href":"https:\/\/inesbotelho.com\/en\/wp-json\/wp\/v2\/media?parent=844"}],"curies":[{"name":"wp","href":"https:\/\/api.w.org\/{rel}","templated":true}]}}