{"id":846,"date":"2018-12-09T15:44:38","date_gmt":"2018-12-09T15:44:38","guid":{"rendered":"https:\/\/inesbotelho.com\/wp\/?page_id=846"},"modified":"2021-11-14T12:19:35","modified_gmt":"2021-11-14T12:19:35","slug":"ouve","status":"publish","type":"page","link":"https:\/\/inesbotelho.com\/en\/ouve\/","title":{"rendered":"Listen"},"content":{"rendered":"<blockquote><p><img fetchpriority=\"high\" decoding=\"async\" class=\"size-medium wp-image-980 alignleft\" src=\"https:\/\/inesbotelhoteste.tk\/wp\/wp-content\/uploads\/2019\/03\/Km-0-V2_Website-209x300.jpg\" alt=\"\" width=\"209\" height=\"300\" srcset=\"https:\/\/inesbotelho.com\/wp-content\/uploads\/2019\/03\/Km-0-V2_Website-209x300.jpg 209w, https:\/\/inesbotelho.com\/wp-content\/uploads\/2019\/03\/Km-0-V2_Website.jpg 453w\" sizes=\"(max-width: 209px) 100vw, 209px\" \/><\/p>\n<p style=\"text-align: justify;\">\u201cHe had been in Chaves for a writers\u2019 event, folks from Portugal and Galicia. And became fascinated with the guy. The fellow made his fortune in Brazil, set the foundations of an important part of the Portuguese banking and, among other things, order the creation of this garden that makes the Madalena quarter one of Chaves\u2019 most important areas. Pedro even found out how much the guy paid for the garden: 18 million r\u00e9is! One day, the historian came across a bunch of letters from his grandfather where there was mention of chronoxide. And he began an obsessive research that made him read a lot and unveil connections which might seem fanciful to na\u00efve ones. \u2018If the steel is wroughted by the fire, the water is ingested because of the air\u2019, he read in a little known Paracelso text. Nothing could be truer, he concurred. When he learned of Mr. C\u00e2ndido\u2019s insistence in buying the steel of the garden\u2019s gates from the local blacksmiths by what is nowadays the Largo de S\u00e3o Roque, Pedro followed that lead. And he was right. He found out that the establishment had been recommended to Mr. C\u00e2ndido by someone he had met years earlier, in Brazil, \u00aba strange individual with trimmed beard and a cutting gaze\u00bb, according to the letters of Herculano Marcos Ingl\u00eas de Sousa inherited by his nephew: Oswald de Andrade, none other than the author of the Anthropophagic Manifest, the text responsible for the consolidation of Modernism in Brazilian literature. The spoils of the vigorous epistolographic activity are the shadows of a time when memory was dependent on them, the calligraphy testified to the identity and intention, the ink or paper choice certified the circumstances or contingencies, and the wrapping assisted in dating and arranging the ideas. Yes, words were above all else ideas, not sounds.\u201d<\/p>\n<p style=\"text-align: right;\">Jo\u00e3o Morales<\/p>\n<p>&nbsp;<\/p>\n<p>Short story collection stemmed from the second edition of the Chaves literary festival Ponte Escrita \u2013 Encontro Luso-Galaico de Escritores, with stories by Ana Cristina Silva, Andr\u00e9 Gago, Ant\u00f3nio Mota, Ernesto Salgado Areias, Fausta Cardoso Pereira, Fernando Pinto do Amaral, Fran Alonso, In\u00eas Botelho, Jo\u00e3o Morales, Jos\u00e9 Leon Machado, Margarida Fonseca Santos, Maria de Lourdes Soares, Possid\u00f3nio Cachapa, Rosal\u00eda Fern\u00e1ndez Rial, and Rui Sousa.<\/p>\n<\/blockquote>\n<p style=\"text-align: justify;\">\u201cListen\u201d<\/p>\n<p>Some people remain ever since childhood, and some places become a life.<\/p>\n<p>\u201cListen\u201d later had a <a href=\"http:\/\/www.incomunidade.com\/ouve-ines-botelho\/\">second publishing on the November 2021 issue of the online magazine InComunidade.<\/a>.<\/p>\n","protected":false},"excerpt":{"rendered":"<p>\u201cHe had been in Chaves for a writers\u2019 event, folks from Portugal and Galicia. And became fascinated with the guy. The fellow made his fortune in Brazil, set the foundations of an important part of the Portuguese banking and, among other things, order the creation of this garden that makes the Madalena quarter one of [&hellip;]<\/p>\n","protected":false},"author":1,"featured_media":0,"parent":0,"menu_order":0,"comment_status":"closed","ping_status":"closed","template":"","meta":{"footnotes":""},"class_list":["post-846","page","type-page","status-publish","hentry"],"_links":{"self":[{"href":"https:\/\/inesbotelho.com\/en\/wp-json\/wp\/v2\/pages\/846","targetHints":{"allow":["GET"]}}],"collection":[{"href":"https:\/\/inesbotelho.com\/en\/wp-json\/wp\/v2\/pages"}],"about":[{"href":"https:\/\/inesbotelho.com\/en\/wp-json\/wp\/v2\/types\/page"}],"author":[{"embeddable":true,"href":"https:\/\/inesbotelho.com\/en\/wp-json\/wp\/v2\/users\/1"}],"replies":[{"embeddable":true,"href":"https:\/\/inesbotelho.com\/en\/wp-json\/wp\/v2\/comments?post=846"}],"version-history":[{"count":11,"href":"https:\/\/inesbotelho.com\/en\/wp-json\/wp\/v2\/pages\/846\/revisions"}],"predecessor-version":[{"id":1254,"href":"https:\/\/inesbotelho.com\/en\/wp-json\/wp\/v2\/pages\/846\/revisions\/1254"}],"wp:attachment":[{"href":"https:\/\/inesbotelho.com\/en\/wp-json\/wp\/v2\/media?parent=846"}],"curies":[{"name":"wp","href":"https:\/\/api.w.org\/{rel}","templated":true}]}}