{"id":848,"date":"2018-12-09T15:46:31","date_gmt":"2018-12-09T15:46:31","guid":{"rendered":"https:\/\/inesbotelho.com\/wp\/?page_id=848"},"modified":"2019-03-25T19:17:09","modified_gmt":"2019-03-25T19:17:09","slug":"um-pequeno-jantar","status":"publish","type":"page","link":"https:\/\/inesbotelho.com\/en\/um-pequeno-jantar\/","title":{"rendered":"A small dinner&#8230;"},"content":{"rendered":"<blockquote><p><img fetchpriority=\"high\" decoding=\"async\" class=\"alignleft wp-image-1079\" src=\"https:\/\/inesbotelhoteste.tk\/wp\/wp-content\/uploads\/2019\/03\/playingwithmyself_capa_400.jpg\" alt=\"\" width=\"209\" height=\"300\" \/><\/p>\n<p style=\"text-align: justify;\">Twenty photographs by Cl\u00e1udia Clemente (with assistance of Jo\u00e3o Miguel Silva), coupled with as many texts by as many different authors. A bilingual book organized and edited by Francisco Guedes, with design by Paulo Melo Veiga and translations into English by Rahul Bery.<br \/>\nThe stories are written by Alice Brito, Ant\u00f3nio Cabrita, Cristina Carvalho, Fausta Cardoso Pereira, Filipa Leal, Francisco Guedes, In\u00eas Botelho, Jo\u00e3o Lu\u00eds Barreto Guimar\u00e3es, Jo\u00e3o Morales, Jo\u00e3o Paulo Guerra, Jo\u00e3o Rios, Leonardo Padura, Lu\u00eds Caetano, Lu\u00eds Carlos Patraquim, Manuel Rodrigues, Manuel Silva Ramos, M\u00e1rio Delgado Apara\u00edn, M\u00e1rio Zambujal, Rui Caeiro, and Sandra Gon\u00e7alves.<\/p>\n<\/blockquote>\n<p style=\"text-align: justify;\">\u201cA small dinner&#8230;\u201d<\/p>\n<p>In a friends gathering, an adorable cherub delights all while being continuously accompanied by his mother.<\/p>\n","protected":false},"excerpt":{"rendered":"<p>Twenty photographs by Cl\u00e1udia Clemente (with assistance of Jo\u00e3o Miguel Silva), coupled with as many texts by as many different authors. A bilingual book organized and edited by Francisco Guedes, with design by Paulo Melo Veiga and translations into English by Rahul Bery. The stories are written by Alice Brito, Ant\u00f3nio Cabrita, Cristina Carvalho, Fausta [&hellip;]<\/p>\n","protected":false},"author":1,"featured_media":0,"parent":0,"menu_order":0,"comment_status":"closed","ping_status":"closed","template":"","meta":{"footnotes":""},"class_list":["post-848","page","type-page","status-publish","hentry"],"_links":{"self":[{"href":"https:\/\/inesbotelho.com\/en\/wp-json\/wp\/v2\/pages\/848","targetHints":{"allow":["GET"]}}],"collection":[{"href":"https:\/\/inesbotelho.com\/en\/wp-json\/wp\/v2\/pages"}],"about":[{"href":"https:\/\/inesbotelho.com\/en\/wp-json\/wp\/v2\/types\/page"}],"author":[{"embeddable":true,"href":"https:\/\/inesbotelho.com\/en\/wp-json\/wp\/v2\/users\/1"}],"replies":[{"embeddable":true,"href":"https:\/\/inesbotelho.com\/en\/wp-json\/wp\/v2\/comments?post=848"}],"version-history":[{"count":4,"href":"https:\/\/inesbotelho.com\/en\/wp-json\/wp\/v2\/pages\/848\/revisions"}],"predecessor-version":[{"id":1128,"href":"https:\/\/inesbotelho.com\/en\/wp-json\/wp\/v2\/pages\/848\/revisions\/1128"}],"wp:attachment":[{"href":"https:\/\/inesbotelho.com\/en\/wp-json\/wp\/v2\/media?parent=848"}],"curies":[{"name":"wp","href":"https:\/\/api.w.org\/{rel}","templated":true}]}}