{"id":1032,"date":"2019-03-17T19:17:49","date_gmt":"2019-03-17T19:17:49","guid":{"rendered":"https:\/\/inesbotelhoteste.tk\/wp\/?page_id=1032"},"modified":"2019-03-25T20:55:59","modified_gmt":"2019-03-25T20:55:59","slug":"recursos","status":"publish","type":"page","link":"https:\/\/inesbotelho.com\/pt\/recursos\/","title":{"rendered":"Recursos"},"content":{"rendered":"<h3 class=\"widget-title\">Fotografias<\/h3>\n<p><img decoding=\"async\" class=\"alignnone size-thumbnail wp-image-1083\" src=\"https:\/\/inesbotelho.com\/wp-content\/uploads\/2019\/03\/In\u00eas_Botelho_360x360-150x150.jpg\" alt=\"\" width=\"150\" height=\"150\" srcset=\"https:\/\/inesbotelho.com\/wp-content\/uploads\/2019\/03\/In\u00eas_Botelho_360x360-150x150.jpg 150w, https:\/\/inesbotelho.com\/wp-content\/uploads\/2019\/03\/In\u00eas_Botelho_360x360-300x300.jpg 300w, https:\/\/inesbotelho.com\/wp-content\/uploads\/2019\/03\/In\u00eas_Botelho_360x360.jpg 360w\" sizes=\"(max-width: 150px) 100vw, 150px\" \/><\/p>\n<p><a href=\"https:\/\/inesbotelho.com\/wp-content\/uploads\/2019\/03\/InesBotelho1100x1100.jpg\">Fotografia 1<\/a><\/p>\n<p><img decoding=\"async\" class=\"alignnone wp-image-1038\" src=\"https:\/\/inesbotelho.com\/wp-content\/uploads\/2019\/03\/In\u00easBotelho_2200x1100.jpg\" alt=\"\" width=\"300\" height=\"150\" \/><\/p>\n<p><a href=\"https:\/\/inesbotelho.com\/wp-content\/uploads\/2019\/03\/In\u00easBotelho_2200x1100.jpg\">Fotografia 2<\/a><\/p>\n<p><img decoding=\"async\" class=\"alignnone size-thumbnail wp-image-1036\" src=\"https:\/\/inesbotelho.com\/wp-content\/uploads\/2019\/03\/InesBotelho1600x1600-150x150.jpg\" alt=\"\" width=\"150\" height=\"150\" srcset=\"https:\/\/inesbotelho.com\/wp-content\/uploads\/2019\/03\/InesBotelho1600x1600-150x150.jpg 150w, https:\/\/inesbotelho.com\/wp-content\/uploads\/2019\/03\/InesBotelho1600x1600-300x300.jpg 300w, https:\/\/inesbotelho.com\/wp-content\/uploads\/2019\/03\/InesBotelho1600x1600-768x768.jpg 768w, https:\/\/inesbotelho.com\/wp-content\/uploads\/2019\/03\/InesBotelho1600x1600-1024x1024.jpg 1024w, https:\/\/inesbotelho.com\/wp-content\/uploads\/2019\/03\/InesBotelho1600x1600.jpg 1614w\" sizes=\"(max-width: 150px) 100vw, 150px\" \/><\/p>\n<p><a href=\"https:\/\/inesbotelho.com\/wp-content\/uploads\/2019\/03\/InesBotelho1600x1600.jpg\">Fotografia 3<\/a><\/p>\n<h3 class=\"widget-title\">Pequena biografia<\/h3>\n<p>In\u00eas Botelho nasceu em Vila Nova de Gaia em 1986. \u00c9 autora da trilogia de fant\u00e1stico <em>O Ceptro de Aerzis<\/em>, composta por <em>A Filha dos Mundos<\/em> (2003), <em>A Senhora da Noite e das Brumas<\/em> (2004) e <em>A Rainha das Terras da Luz<\/em> (2005), bem como dos romances <em>Prel\u00fadio<\/em> (2007) e <em>O passado que seremos<\/em> (2010). Tem publicado tamb\u00e9m diversos contos e assina uma das colunas da Revista Bang!. Licenciada em Biologia e com um Mestrado em Estudos Anglo-Americanos pela Universidade do Porto, elaborou a sua disserta\u00e7\u00e3o sobre representa\u00e7\u00f5es de \u201cA Bela e o Monstro\u201d nalguns contos de Angela Carter. Colabora actualmente com o CETAPS \u2013 Centre for English Translation and Anglo-Portuguese Studies.","protected":false},"excerpt":{"rendered":"<p>Fotografias Fotografia 1 Fotografia 2 Fotografia 3 Pequena biografia In\u00eas Botelho nasceu em Vila Nova de Gaia em 1986. \u00c9 autora da trilogia de fant\u00e1stico O Ceptro de Aerzis, composta por A Filha dos Mundos (2003), A Senhora da Noite e das Brumas (2004) e A Rainha das Terras da Luz (2005), bem como dos [&hellip;]<\/p>\n","protected":false},"author":1,"featured_media":0,"parent":0,"menu_order":0,"comment_status":"closed","ping_status":"closed","template":"","meta":{"footnotes":""},"class_list":["post-1032","page","type-page","status-publish","hentry"],"_links":{"self":[{"href":"https:\/\/inesbotelho.com\/pt\/wp-json\/wp\/v2\/pages\/1032","targetHints":{"allow":["GET"]}}],"collection":[{"href":"https:\/\/inesbotelho.com\/pt\/wp-json\/wp\/v2\/pages"}],"about":[{"href":"https:\/\/inesbotelho.com\/pt\/wp-json\/wp\/v2\/types\/page"}],"author":[{"embeddable":true,"href":"https:\/\/inesbotelho.com\/pt\/wp-json\/wp\/v2\/users\/1"}],"replies":[{"embeddable":true,"href":"https:\/\/inesbotelho.com\/pt\/wp-json\/wp\/v2\/comments?post=1032"}],"version-history":[{"count":16,"href":"https:\/\/inesbotelho.com\/pt\/wp-json\/wp\/v2\/pages\/1032\/revisions"}],"predecessor-version":[{"id":1137,"href":"https:\/\/inesbotelho.com\/pt\/wp-json\/wp\/v2\/pages\/1032\/revisions\/1137"}],"wp:attachment":[{"href":"https:\/\/inesbotelho.com\/pt\/wp-json\/wp\/v2\/media?parent=1032"}],"curies":[{"name":"wp","href":"https:\/\/api.w.org\/{rel}","templated":true}]}}