{"id":305,"date":"2016-09-10T07:28:40","date_gmt":"2016-09-10T07:28:40","guid":{"rendered":"https:\/\/inesbotelho.com\/wp\/home-3\/"},"modified":"2019-03-25T22:52:18","modified_gmt":"2019-03-25T22:52:18","slug":"home-3","status":"publish","type":"page","link":"https:\/\/inesbotelho.com\/pt\/","title":{"rendered":"In\u00edcio"},"content":{"rendered":"<div id=\"pl-305\"  class=\"panel-layout\" ><div id=\"pg-305-0\"  class=\"panel-grid panel-has-style\" ><div class=\"siteorigin-panels-stretch panel-row-style panel-row-style-for-305-0\" data-stretch-type=\"full\" ><div id=\"pgc-305-0-0\"  class=\"panel-grid-cell\" ><div id=\"panel-305-0-0-0\" class=\"so-panel widget panel-first-child panel-last-child\" data-index=\"0\" ><\/div><\/div><div id=\"pgc-305-0-1\"  class=\"panel-grid-cell\" ><div class=\"panel-cell-style panel-cell-style-for-305-0-1\" ><div id=\"panel-305-0-1-0\" class=\"so-panel widget widget_quotescollection panel-first-child panel-last-child\" data-index=\"1\" ><div class=\"quotescollection-quote-wrapper\" id=\"w_widget_0_1_0\">Tudo se encontrava calmo e silencioso. Apenas as folhas se agitavam levemente, ao sabor da brisa, e os grossos ramos das \u00e1rvores milenares escondiam algumas t\u00edmidas flores primaveris.\n<div class=\"attribution\">&mdash;&nbsp;<cite class=\"title source\">A Rainha das Terras da Luz (2005)<\/cite><\/div><script type=\"text\/javascript\">\nvar args_w_widget_0_1_0 = {\"instanceID\":\"w_widget_0_1_0\", \"currQuoteID\":2, \"showAuthor\":1, \"showSource\":1, \"tags\":\"\", \"charLimit\":500, \"orderBy\":\"random\", \"ajaxRefresh\":1, \"autoRefresh\":20, \"dynamicFetch\":0, \"before\":\"\", \"after\":\"\", \"beforeAttribution\":\"&lt;div class=\\&quot;attribution\\&quot;&gt;&amp;mdash;&amp;nbsp;\", \"afterAttribution\":\"&lt;\/div&gt;\", };quotescollectionTimer(args_w_widget_0_1_0);<\/script>\n<\/div><\/div><\/div><\/div><\/div><\/div><div id=\"pg-305-1\"  class=\"panel-grid panel-no-style\" ><div id=\"pgc-305-1-0\"  class=\"panel-grid-cell\" ><div id=\"panel-305-1-0-0\" class=\"so-panel widget widget_text panel-first-child panel-last-child\" data-index=\"2\" ><h3 class=\"widget-title\">Biografia<\/h3>\t\t\t<div class=\"textwidget\"><p lang=\"pt-PT\" align=\"justify\">In\u00eas Botelho nasceu em Vila Nova de Gaia em 1986. \u00c9 autora da trilogia de fant\u00e1stico <i>O Ceptro de Aerzis<\/i>, composta por <a href=\"https:\/\/inesbotelho.com\/a-filha-dos-mundos\"><i>A Filha dos Mundos<\/i> (2003)<\/a>, <a href=\"https:\/\/inesbotelho.com\/a-senhora-da-noite-e-das-brumas\"><i>A Senhora da Noite e das Brumas<\/i> (2004)<\/a> e <a href=\"https:\/\/inesbotelho.com\/a-rainha-das-terras-da-luz\"><i>A Rainha das Terras da Luz<\/i> (2005)<\/a>, bem como dos romances <a href=\"https:\/\/inesbotelho.com\/preludio\"><i>Prel\u00fadio<\/i> (2007)<\/a> e <a href=\"https:\/\/inesbotelho.com\/o-passado-que-seremos\"><i>O passado que seremos<\/i> (2010)<\/a>. Tem publicado tamb\u00e9m diversos contos e assina uma das colunas da <a href=\"https:\/\/revistabang.com\/\">Revista Bang!<\/a>. Licenciada em Biologia e com um Mestrado em Estudos Anglo-Americanos pela Universidade do Porto, elaborou a sua <a href=\"https:\/\/repositorio-aberto.up.pt\/handle\/10216\/72308\">disserta\u00e7\u00e3o<\/a> sobre representa\u00e7\u00f5es de \u201cA Bela e o Monstro\u201d nalguns contos de Angela Carter. Colabora actualmente com o <a href=\"http:\/\/www.cetaps.com\">CETAPS \u2013 Centre for English Translation and Anglo-Portuguese Studies<\/a>.<\/p>\n<\/div>\n\t\t<\/div><\/div><\/div><div id=\"pg-305-2\"  class=\"panel-grid panel-has-style\" ><div class=\"siteorigin-panels-stretch panel-row-style panel-row-style-for-305-2\" data-stretch-type=\"full\" ><div id=\"pgc-305-2-0\"  class=\"panel-grid-cell\" ><div id=\"panel-305-2-0-0\" class=\"so-panel widget widget_sow-image-grid panel-first-child panel-last-child\" data-index=\"3\" ><div\n\t\t\t\n\t\t\tclass=\"so-widget-sow-image-grid so-widget-sow-image-grid-default-3fbf13dff59f-305\"\n\t\t\t\n\t\t>\t<div\n\t\tclass=\"sow-image-grid-wrapper\"\n\t\t\t\t\t>\n\t\t\t\t\t<div class=\"sow-image-grid-image\">\n\t\t\t\t\t\t\t\t\t\t\t\t\t<a href=\"https:\/\/inesbotelho.com\/pt\/o-passado-que-seremos\/\"\n\t\t\t\t\t>\n\t\t\t\t\t\t\t\t<img fetchpriority=\"high\" decoding=\"async\" width=\"191\" height=\"300\" src=\"https:\/\/inesbotelho.com\/wp-content\/uploads\/2017\/05\/CapaPassado400PNL-191x300.jpg\" class=\"sow-image-grid-image_html\" alt=\"\" title=\"\" srcset=\"https:\/\/inesbotelho.com\/wp-content\/uploads\/2017\/05\/CapaPassado400PNL-191x300.jpg 191w, https:\/\/inesbotelho.com\/wp-content\/uploads\/2017\/05\/CapaPassado400PNL.jpg 400w\" sizes=\"(max-width: 191px) 100vw, 191px\" \/>\t\t\t\t\t\t\t\t\t<\/a>\n\t\t\t\t\t\t\t\t\t\t\t<\/div>\n\t\t\t\t\t<div class=\"sow-image-grid-image\">\n\t\t\t\t\t\t\t\t\t\t\t\t\t<a href=\"https:\/\/inesbotelho.com\/pt\/preludio\/\"\n\t\t\t\t\t>\n\t\t\t\t\t\t\t\t<img decoding=\"async\" width=\"195\" height=\"300\" src=\"https:\/\/inesbotelho.com\/wp-content\/uploads\/2017\/03\/CapaPreludio400-195x300.jpg\" class=\"sow-image-grid-image_html\" alt=\"\" title=\"\" srcset=\"https:\/\/inesbotelho.com\/wp-content\/uploads\/2017\/03\/CapaPreludio400-195x300.jpg 195w, https:\/\/inesbotelho.com\/wp-content\/uploads\/2017\/03\/CapaPreludio400.jpg 400w\" sizes=\"(max-width: 195px) 100vw, 195px\" \/>\t\t\t\t\t\t\t\t\t<\/a>\n\t\t\t\t\t\t\t\t\t\t\t<\/div>\n\t\t\t\t\t<div class=\"sow-image-grid-image\">\n\t\t\t\t\t\t\t\t\t\t\t\t\t<a href=\"https:\/\/inesbotelho.com\/pt\/a-filha-dos-mundos\/\"\n\t\t\t\t\t>\n\t\t\t\t\t\t\t\t<img decoding=\"async\" width=\"194\" height=\"300\" src=\"https:\/\/inesbotelho.com\/wp-content\/uploads\/2019\/02\/2012CapaFilha380FrontIcon-194x300.jpg\" class=\"sow-image-grid-image_html\" alt=\"\" title=\"\" srcset=\"https:\/\/inesbotelho.com\/wp-content\/uploads\/2019\/02\/2012CapaFilha380FrontIcon-194x300.jpg 194w, https:\/\/inesbotelho.com\/wp-content\/uploads\/2019\/02\/2012CapaFilha380FrontIcon.jpg 380w\" sizes=\"(max-width: 194px) 100vw, 194px\" \/>\t\t\t\t\t\t\t\t\t<\/a>\n\t\t\t\t\t\t\t\t\t\t\t<\/div>\n\t\t\t\t\t<div class=\"sow-image-grid-image\">\n\t\t\t\t\t\t\t\t\t\t\t\t\t<a href=\"https:\/\/inesbotelho.com\/wp\/a-senhora-da-noite-e-das-brumas\/\"\n\t\t\t\t\t>\n\t\t\t\t\t\t\t\t<img loading=\"lazy\" decoding=\"async\" width=\"194\" height=\"300\" src=\"https:\/\/inesbotelho.com\/wp-content\/uploads\/2017\/05\/2012CapaSenhora400Modif-194x300.jpg\" class=\"sow-image-grid-image_html\" alt=\"\" title=\"\" srcset=\"https:\/\/inesbotelho.com\/wp-content\/uploads\/2017\/05\/2012CapaSenhora400Modif-194x300.jpg 194w, https:\/\/inesbotelho.com\/wp-content\/uploads\/2017\/05\/2012CapaSenhora400Modif.jpg 400w\" sizes=\"(max-width: 194px) 100vw, 194px\" \/>\t\t\t\t\t\t\t\t\t<\/a>\n\t\t\t\t\t\t\t\t\t\t\t<\/div>\n\t\t\t\t\t<div class=\"sow-image-grid-image\">\n\t\t\t\t\t\t\t\t\t\t\t\t\t<a href=\"https:\/\/inesbotelho.com\/wp\/a-rainha-das-terras-da-luz\"\n\t\t\t\t\t>\n\t\t\t\t\t\t\t\t<img loading=\"lazy\" decoding=\"async\" width=\"194\" height=\"300\" src=\"https:\/\/inesbotelho.com\/wp-content\/uploads\/2019\/02\/2012CapaRainha400FrontIcon-194x300.jpg\" class=\"sow-image-grid-image_html\" alt=\"\" title=\"\" srcset=\"https:\/\/inesbotelho.com\/wp-content\/uploads\/2019\/02\/2012CapaRainha400FrontIcon-194x300.jpg 194w, https:\/\/inesbotelho.com\/wp-content\/uploads\/2019\/02\/2012CapaRainha400FrontIcon.jpg 400w\" sizes=\"(max-width: 194px) 100vw, 194px\" \/>\t\t\t\t\t\t\t\t\t<\/a>\n\t\t\t\t\t\t\t\t\t\t\t<\/div>\n\t\t\t<\/div>\n<\/div><\/div><\/div><\/div><\/div><div id=\"pg-305-3\"  class=\"panel-grid panel-no-style\" ><div id=\"pgc-305-3-0\"  class=\"panel-grid-cell\" ><div id=\"panel-305-3-0-0\" class=\"so-panel widget panel-first-child\" data-index=\"4\" ><\/div><div id=\"panel-305-3-0-1\" class=\"so-panel widget\" data-index=\"5\" ><\/div><div id=\"panel-305-3-0-2\" class=\"so-panel widget\" data-index=\"6\" ><\/div><div id=\"panel-305-3-0-3\" class=\"so-panel widget widget_text panel-last-child\" data-index=\"7\" >\t\t\t<div class=\"textwidget\"><\/div>\n\t\t<\/div><\/div><\/div><\/div>","protected":false},"excerpt":{"rendered":"<p>In\u00eas Botelho nasceu em Vila Nova de Gaia em 1986. \u00c9 autora da trilogia de fant\u00e1stico O Ceptro de Aerzis, composta por A Filha dos Mundos (2003), A Senhora da Noite e das Brumas (2004) e A Rainha das Terras da Luz (2005), bem como dos romances Prel\u00fadio (2007) e O passado que seremos (2010). [&hellip;]<\/p>\n","protected":false},"author":1,"featured_media":0,"parent":0,"menu_order":0,"comment_status":"closed","ping_status":"closed","template":"","meta":{"footnotes":""},"class_list":["post-305","page","type-page","status-publish","hentry"],"_links":{"self":[{"href":"https:\/\/inesbotelho.com\/pt\/wp-json\/wp\/v2\/pages\/305","targetHints":{"allow":["GET"]}}],"collection":[{"href":"https:\/\/inesbotelho.com\/pt\/wp-json\/wp\/v2\/pages"}],"about":[{"href":"https:\/\/inesbotelho.com\/pt\/wp-json\/wp\/v2\/types\/page"}],"author":[{"embeddable":true,"href":"https:\/\/inesbotelho.com\/pt\/wp-json\/wp\/v2\/users\/1"}],"replies":[{"embeddable":true,"href":"https:\/\/inesbotelho.com\/pt\/wp-json\/wp\/v2\/comments?post=305"}],"version-history":[{"count":113,"href":"https:\/\/inesbotelho.com\/pt\/wp-json\/wp\/v2\/pages\/305\/revisions"}],"predecessor-version":[{"id":1154,"href":"https:\/\/inesbotelho.com\/pt\/wp-json\/wp\/v2\/pages\/305\/revisions\/1154"}],"wp:attachment":[{"href":"https:\/\/inesbotelho.com\/pt\/wp-json\/wp\/v2\/media?parent=305"}],"curies":[{"name":"wp","href":"https:\/\/api.w.org\/{rel}","templated":true}]}}