{"id":5,"date":"2017-03-19T10:55:26","date_gmt":"2017-03-19T10:55:26","guid":{"rendered":"https:\/\/inesbotelho.com\/wp\/?page_id=5"},"modified":"2019-03-26T16:10:05","modified_gmt":"2019-03-26T16:10:05","slug":"biografia","status":"publish","type":"page","link":"https:\/\/inesbotelho.com\/pt\/biografia\/","title":{"rendered":"Biografia"},"content":{"rendered":"<p style=\"text-align: justify;\">In\u00eas Botelho nasceu a 3 de Agosto de 1986 em Vila Nova de Gaia. Estudou m\u00fasica desde cedo, tendo completado o 8\u00ba grau de Piano e Forma\u00e7\u00e3o Musical na <a href=\"http:\/\/amvp.pt\/\">Academia de M\u00fasica de Vilar do Para\u00edso<\/a>.<br \/>\nNas f\u00e9rias escolares de 2002 escreveu o que viria a ser <a href=\"https:\/\/inesbotelho.com\/a-filha-dos-mundos\/\"><em>A Filha dos Mundos<\/em><\/a>, primeiro volume da trilogia de fantasia <em>O Ceptro de Aerzis<\/em>. Sucederam-se <a href=\"https:\/\/inesbotelho.com\/a-senhora-da-noite-e-das-brumas\/\"><em>A Senhora da Noite e das Brumas<\/em><\/a> e <a href=\"https:\/\/inesbotelho.com\/a-rainha-das-terras-da-luz\/\"><em>A Rainha das Terras da Luz<\/em><\/a>, respectivamente em 2003 e 2004. As <a href=\"http:\/\/www.gailivro.pt\/pt\/\">Edi\u00e7\u00f5es Gailivro<\/a> publicaram cada um dos livros um ano ap\u00f3s serem escritos, e entre 2012 e 2013 foram republicados como edi\u00e7\u00e3o de bolso pela <a href=\"https:\/\/www.11x17.pt\/\">11&#215;17<\/a>.<br \/>\n<a href=\"https:\/\/inesbotelho.com\/preludio\/\"><em>Prel\u00fadio<\/em><\/a> saiu em 2007, com a chancela das <a href=\"http:\/\/www.gailivro.pt\/pt\/\">Edi\u00e7\u00f5es Gailivro<\/a>. No in\u00edcio de 2010 a <a href=\"https:\/\/www.portoeditora.pt\/\">Porto Editora<\/a> lan\u00e7ou <a href=\"https:\/\/inesbotelho.com\/o-passado-que-seremos\/\"><em>O passado que seremos<\/em><\/a>. V\u00e1rios dos contos de In\u00eas Botelho t\u00eam sido editados em revistas e colect\u00e2neas, existindo uma <a href=\"https:\/\/www.urogallo.eu\/prodotto\/racconti-imperfetti\/\">tradu\u00e7\u00e3o italiana<\/a> da colect\u00e2nea <a href=\"https:\/\/inesbotelho.com\/o-dia-da-salamandra\/\"><em>Contos Imperfeitos<\/em><\/a>. In\u00eas Botelho escreve ainda a coluna \u201cHaver\u00e1 trilhos\u201d para a <a href=\"https:\/\/revistabang.com\/\">Revista Bang!<\/a>.<br \/>\nLicenciou-se em Biologia em 2008 pela <a href=\"https:\/\/sigarra.up.pt\/fcup\/pt\/web_page.Inicial\">Faculdade de Ci\u00eancias da Universidade do Porto<\/a> e em 2013 concluiu o Mestrado em Estudos Anglo-Americanos da <a href=\"https:\/\/sigarra.up.pt\/flup\/pt\/web_page.inicial\">Faculdade de Letras<\/a> da mesma institui\u00e7\u00e3o com uma disserta\u00e7\u00e3o intitulada <a href=\"https:\/\/repositorio-aberto.up.pt\/handle\/10216\/72308\">\u201cDo Belo Monstruoso: representa\u00e7\u00f5es de \u2018A Bela e o Monstro\u2019 nos contos de Angela Carter \u2018The Tiger\u2019s Bride\u2019 e \u2018The Company of Wolves\u2019\u201d<\/a>. Durante a sua forma\u00e7\u00e3o participou tamb\u00e9m em dois programas Erasmus, primeiro em Mil\u00e3o, depois em Praga.<br \/>\nColabora desde 2014 com o <a href=\"http:\/\/www.cetaps.com\/\">CETAPS \u2013 Centre for English Translation and Anglo-Portuguese Studies<\/a>. A sua investiga\u00e7\u00e3o principal centra-se tanto nos estudos ut\u00f3picos como em contos populares e contos de fadas e nos diversos usos destas hist\u00f3rias na literatura, no cinema, na fotografia, e na dan\u00e7a, enquanto que as suas outras \u00e1reas de interesse incluem feminismo, modernismo, p\u00f3s-modernismo, intertextualidades, fantasia, e fic\u00e7\u00e3o cient\u00edfica. Tem publicado artigos e intervindo em confer\u00eancias com comunica\u00e7\u00f5es em torno destas mat\u00e9rias.<br \/>\nParticipa com frequ\u00eancia em variados festivais e eventos liter\u00e1rios.<\/p>\n","protected":false},"excerpt":{"rendered":"<p>In\u00eas Botelho nasceu a 3 de Agosto de 1986 em Vila Nova de Gaia. Estudou m\u00fasica desde cedo, tendo completado o 8\u00ba grau de Piano e Forma\u00e7\u00e3o Musical na Academia de M\u00fasica de Vilar do Para\u00edso. Nas f\u00e9rias escolares de 2002 escreveu o que viria a ser A Filha dos Mundos, primeiro volume da trilogia [&hellip;]<\/p>\n","protected":false},"author":1,"featured_media":0,"parent":0,"menu_order":0,"comment_status":"closed","ping_status":"closed","template":"","meta":{"footnotes":""},"class_list":["post-5","page","type-page","status-publish","hentry"],"_links":{"self":[{"href":"https:\/\/inesbotelho.com\/pt\/wp-json\/wp\/v2\/pages\/5","targetHints":{"allow":["GET"]}}],"collection":[{"href":"https:\/\/inesbotelho.com\/pt\/wp-json\/wp\/v2\/pages"}],"about":[{"href":"https:\/\/inesbotelho.com\/pt\/wp-json\/wp\/v2\/types\/page"}],"author":[{"embeddable":true,"href":"https:\/\/inesbotelho.com\/pt\/wp-json\/wp\/v2\/users\/1"}],"replies":[{"embeddable":true,"href":"https:\/\/inesbotelho.com\/pt\/wp-json\/wp\/v2\/comments?post=5"}],"version-history":[{"count":12,"href":"https:\/\/inesbotelho.com\/pt\/wp-json\/wp\/v2\/pages\/5\/revisions"}],"predecessor-version":[{"id":1167,"href":"https:\/\/inesbotelho.com\/pt\/wp-json\/wp\/v2\/pages\/5\/revisions\/1167"}],"wp:attachment":[{"href":"https:\/\/inesbotelho.com\/pt\/wp-json\/wp\/v2\/media?parent=5"}],"curies":[{"name":"wp","href":"https:\/\/api.w.org\/{rel}","templated":true}]}}