{"id":707,"date":"2018-07-08T10:18:39","date_gmt":"2018-07-08T10:18:39","guid":{"rendered":"https:\/\/inesbotelho.com\/wp\/?page_id=707"},"modified":"2019-03-25T19:15:51","modified_gmt":"2019-03-25T19:15:51","slug":"preludio","status":"publish","type":"page","link":"https:\/\/inesbotelho.com\/pt\/preludio\/","title":{"rendered":"Prel\u00fadio"},"content":{"rendered":"<blockquote><p><a href=\"https:\/\/www.wook.pt\/livro\/preludio-ines-botelho\/197840\"><img fetchpriority=\"high\" decoding=\"async\" class=\"wp-image-80 size-medium alignleft\" src=\"https:\/\/inesbotelho.com\/wp\/wp-content\/uploads\/2017\/03\/CapaPreludio400-195x300.jpg\" alt=\"\" width=\"195\" height=\"300\" srcset=\"https:\/\/inesbotelho.com\/wp-content\/uploads\/2017\/03\/CapaPreludio400-195x300.jpg 195w, https:\/\/inesbotelho.com\/wp-content\/uploads\/2017\/03\/CapaPreludio400.jpg 400w\" sizes=\"(max-width: 195px) 100vw, 195px\" \/><\/p>\n<p style=\"text-align: justify;\"><\/a><em>Prel\u00fadio<\/em> \u00e9 uma obra ritmada no sil\u00eancio introspectivo das suas personagens e na musicalidade de uma escrita envolvente e inebriante. A vida corre por estas linhas prenhe de indecis\u00f5es, ternura e uma infinidade de tonalidades. Os protagonistas redescobrem-se e reinventam-se, despindo camada ap\u00f3s camada, interligando as suas hist\u00f3rias. Alguns sonhos esvaem-se, outros nascem. Fica a certeza do correr do tempo.<\/p>\n<\/blockquote>\n<p style=\"text-align: justify;\">Quatro protagonistas t\u00e3o comuns e t\u00e3o especiais quanto qualquer outra pessoa. N\u00e3o h\u00e1 enigmas para deslindar, perip\u00e9cias de enredo, reac\u00e7\u00f5es espalhafatosas. Existem apenas Alice, Duarte, Ada, e L\u00eddia, as suas muitas hist\u00f3rias, os que os rodeiam, os m\u00faltiplos sil\u00eancios, a realidade do que lhes acontece e do que recordam. O futuro que tinham idealizado anuncia-se imposs\u00edvel. Por muito que a tentem retardar a mudan\u00e7a est\u00e1 pr\u00f3xima, \u00e9 inevit\u00e1vel. As certezas fr\u00e1geis de L\u00eddia n\u00e3o a travar\u00e3o, nem o desejo de Duarte de regressar a um tempo em que parecia controlar os acontecimentos, nem sequer o receio que Alice nutre pelo imprevisto. E Ada, pilar que os aproxima e afasta, avan\u00e7a, observadora e brincalhona, confiante de que o devir lhes trar\u00e1 outros sorrisos, novas afli\u00e7\u00f5es, mais hist\u00f3rias e alegrias.<\/p>\n<p>Comprar:<\/p>\n<p><a href=\"https:\/\/www.wook.pt\/livro\/preludio-ines-botelho\/197840\"><img decoding=\"async\" class=\"alignnone wp-image-656\" src=\"https:\/\/inesbotelhoteste.tk\/wp\/wp-content\/uploads\/2017\/03\/Wook_banner.png\" alt=\"\" width=\"120\" height=\"29\" srcset=\"https:\/\/inesbotelho.com\/wp-content\/uploads\/2017\/03\/Wook_banner.png 800w, https:\/\/inesbotelho.com\/wp-content\/uploads\/2017\/03\/Wook_banner-300x72.png 300w, https:\/\/inesbotelho.com\/wp-content\/uploads\/2017\/03\/Wook_banner-768x183.png 768w\" sizes=\"(max-width: 120px) 100vw, 120px\" \/><\/a><\/p>\n","protected":false},"excerpt":{"rendered":"<p>Prel\u00fadio \u00e9 uma obra ritmada no sil\u00eancio introspectivo das suas personagens e na musicalidade de uma escrita envolvente e inebriante. A vida corre por estas linhas prenhe de indecis\u00f5es, ternura e uma infinidade de tonalidades. Os protagonistas redescobrem-se e reinventam-se, despindo camada ap\u00f3s camada, interligando as suas hist\u00f3rias. Alguns sonhos esvaem-se, outros nascem. Fica a [&hellip;]<\/p>\n","protected":false},"author":1,"featured_media":0,"parent":0,"menu_order":0,"comment_status":"closed","ping_status":"closed","template":"","meta":{"footnotes":""},"class_list":["post-707","page","type-page","status-publish","hentry"],"_links":{"self":[{"href":"https:\/\/inesbotelho.com\/pt\/wp-json\/wp\/v2\/pages\/707","targetHints":{"allow":["GET"]}}],"collection":[{"href":"https:\/\/inesbotelho.com\/pt\/wp-json\/wp\/v2\/pages"}],"about":[{"href":"https:\/\/inesbotelho.com\/pt\/wp-json\/wp\/v2\/types\/page"}],"author":[{"embeddable":true,"href":"https:\/\/inesbotelho.com\/pt\/wp-json\/wp\/v2\/users\/1"}],"replies":[{"embeddable":true,"href":"https:\/\/inesbotelho.com\/pt\/wp-json\/wp\/v2\/comments?post=707"}],"version-history":[{"count":9,"href":"https:\/\/inesbotelho.com\/pt\/wp-json\/wp\/v2\/pages\/707\/revisions"}],"predecessor-version":[{"id":1126,"href":"https:\/\/inesbotelho.com\/pt\/wp-json\/wp\/v2\/pages\/707\/revisions\/1126"}],"wp:attachment":[{"href":"https:\/\/inesbotelho.com\/pt\/wp-json\/wp\/v2\/media?parent=707"}],"curies":[{"name":"wp","href":"https:\/\/api.w.org\/{rel}","templated":true}]}}