{"id":730,"date":"2018-07-08T19:09:18","date_gmt":"2018-07-08T19:09:18","guid":{"rendered":"https:\/\/inesbotelho.com\/wp\/?page_id=730"},"modified":"2019-03-25T19:12:42","modified_gmt":"2019-03-25T19:12:42","slug":"o-passado-que-seremos","status":"publish","type":"page","link":"https:\/\/inesbotelho.com\/pt\/o-passado-que-seremos\/","title":{"rendered":"O passado que seremos"},"content":{"rendered":"<blockquote><p><img fetchpriority=\"high\" decoding=\"async\" class=\"wp-image-745 size-medium alignleft\" src=\"https:\/\/inesbotelhoteste.tk\/wp\/wp-content\/uploads\/2017\/05\/CapaPassado400PNL-191x300.jpg\" alt=\"\" width=\"191\" height=\"300\" srcset=\"https:\/\/inesbotelho.com\/wp-content\/uploads\/2017\/05\/CapaPassado400PNL-191x300.jpg 191w, https:\/\/inesbotelho.com\/wp-content\/uploads\/2017\/05\/CapaPassado400PNL.jpg 400w\" sizes=\"(max-width: 191px) 100vw, 191px\" \/><\/p>\n<p style=\"text-align: justify;\">Elisa e Alexandre conhecem-se num fim-de-semana no Caramulo. S\u00e3o ambos jovens, pertencem a c\u00edrculos diferentes, v\u00eaem o mundo de perspectivas quase sempre opostas \u2013 e, no entanto, parecem incapazes de escapar \u00e0 atrac\u00e7\u00e3o que lentamente os envolve. Com avan\u00e7os e recuos, iniciam ent\u00e3o uma rela\u00e7\u00e3o que n\u00e3o entendem e que questionam. Mas que os marcar\u00e1 para sempre.<br \/>\nElisa tem medo da lua e de janelas sem cortinas. Pensa de mais e quer entender o mundo nas suas m\u00faltiplas facetas. Alexandre, pelo contr\u00e1rio, avan\u00e7a sem grandes reflex\u00f5es, preocupado em aproveitar cada momento do presente antes que as responsabilidades o amarrem.<\/p>\n<p>Romance de inicia\u00e7\u00e3o \u00e0 idade adulta, <em>O Passado Que Seremos<\/em> d\u00e1-nos o(s) retrato(s) de uma gera\u00e7\u00e3o e dos caminhos onde procura encontrar a \u201csua\u201d verdade.<\/p>\n<\/blockquote>\n<p style=\"text-align: justify;\">H\u00e1 na voz de cada indiv\u00edduo a imensid\u00e3o de mil hist\u00f3rias.<br \/>\nEsta \u00e9 a narra\u00e7\u00e3o de Elisa e Alexandre, das suas cidades, dos lugares que habitaram, das pessoas que conheceram, das conversas animadas, das alegrias, confus\u00f5es, des\u00e2nimos, das certezas que constru\u00edram e das que perderam, das consequ\u00eancias do que decidiram e escolheram. Mas \u00e9 tamb\u00e9m a hist\u00f3ria de duas idiossincrasias e mem\u00f3rias, das imagens que as povoam e do imagin\u00e1rio que as informa.<br \/>\nElisa n\u00e3o pode esquecer a inf\u00e2ncia ou o maravilhoso, \u00e9 prisioneira do que aconteceu e vive assombrada por receios antigos, embrenhada tanto em sonho como em pesadelo. Alexandre importa-se pouco com ambos, mas conhece o presente de um modo que Elisa tem dificuldade em perceber ou imitar. Influenciados um pelo o outro, v\u00e3o avan\u00e7ando enquanto tentam compreender e escapar \u00e0 corrente. Mais cedo ou mais tarde ter\u00e3o de optar, e isso defini-los-\u00e1.<\/p>\n<p>Comprar:<\/p>\n<p><a href=\"https:\/\/www.wook.pt\/livro\/o-passado-que-seremos-ines-botelho\/2081040\"><img decoding=\"async\" class=\"alignnone wp-image-656\" src=\"https:\/\/inesbotelhoteste.tk\/wp\/wp-content\/uploads\/2017\/03\/Wook_banner.png\" alt=\"\" width=\"120\" height=\"29\" srcset=\"https:\/\/inesbotelho.com\/wp-content\/uploads\/2017\/03\/Wook_banner.png 800w, https:\/\/inesbotelho.com\/wp-content\/uploads\/2017\/03\/Wook_banner-300x72.png 300w, https:\/\/inesbotelho.com\/wp-content\/uploads\/2017\/03\/Wook_banner-768x183.png 768w\" sizes=\"(max-width: 120px) 100vw, 120px\" \/><\/a><\/p>\n","protected":false},"excerpt":{"rendered":"<p>Elisa e Alexandre conhecem-se num fim-de-semana no Caramulo. S\u00e3o ambos jovens, pertencem a c\u00edrculos diferentes, v\u00eaem o mundo de perspectivas quase sempre opostas \u2013 e, no entanto, parecem incapazes de escapar \u00e0 atrac\u00e7\u00e3o que lentamente os envolve. Com avan\u00e7os e recuos, iniciam ent\u00e3o uma rela\u00e7\u00e3o que n\u00e3o entendem e que questionam. Mas que os marcar\u00e1 [&hellip;]<\/p>\n","protected":false},"author":1,"featured_media":0,"parent":0,"menu_order":0,"comment_status":"closed","ping_status":"closed","template":"","meta":{"footnotes":""},"class_list":["post-730","page","type-page","status-publish","hentry"],"_links":{"self":[{"href":"https:\/\/inesbotelho.com\/pt\/wp-json\/wp\/v2\/pages\/730","targetHints":{"allow":["GET"]}}],"collection":[{"href":"https:\/\/inesbotelho.com\/pt\/wp-json\/wp\/v2\/pages"}],"about":[{"href":"https:\/\/inesbotelho.com\/pt\/wp-json\/wp\/v2\/types\/page"}],"author":[{"embeddable":true,"href":"https:\/\/inesbotelho.com\/pt\/wp-json\/wp\/v2\/users\/1"}],"replies":[{"embeddable":true,"href":"https:\/\/inesbotelho.com\/pt\/wp-json\/wp\/v2\/comments?post=730"}],"version-history":[{"count":13,"href":"https:\/\/inesbotelho.com\/pt\/wp-json\/wp\/v2\/pages\/730\/revisions"}],"predecessor-version":[{"id":1122,"href":"https:\/\/inesbotelho.com\/pt\/wp-json\/wp\/v2\/pages\/730\/revisions\/1122"}],"wp:attachment":[{"href":"https:\/\/inesbotelho.com\/pt\/wp-json\/wp\/v2\/media?parent=730"}],"curies":[{"name":"wp","href":"https:\/\/api.w.org\/{rel}","templated":true}]}}