{"id":751,"date":"2018-07-09T20:27:28","date_gmt":"2018-07-09T20:27:28","guid":{"rendered":"https:\/\/inesbotelho.com\/wp\/?page_id=751"},"modified":"2019-03-25T22:46:16","modified_gmt":"2019-03-25T22:46:16","slug":"a-filha-dos-mundos","status":"publish","type":"page","link":"https:\/\/inesbotelho.com\/pt\/a-filha-dos-mundos\/","title":{"rendered":"A Filha dos Mundos"},"content":{"rendered":"<blockquote><p><img fetchpriority=\"high\" decoding=\"async\" class=\"wp-image-927 size-medium alignleft\" src=\"https:\/\/inesbotelhoteste.tk\/wp\/wp-content\/uploads\/2019\/02\/2012CapaFilha380FrontIcon-194x300.jpg\" alt=\"\" width=\"194\" height=\"300\" srcset=\"https:\/\/inesbotelho.com\/wp-content\/uploads\/2019\/02\/2012CapaFilha380FrontIcon-194x300.jpg 194w, https:\/\/inesbotelho.com\/wp-content\/uploads\/2019\/02\/2012CapaFilha380FrontIcon.jpg 380w\" sizes=\"(max-width: 194px) 100vw, 194px\" \/><\/p>\n<p style=\"text-align: justify;\">A inf\u00e2ncia de Ailura foi repleta de hist\u00f3rias de fadas, elfos e duendes. Por\u00e9m, como acontece com todas as crian\u00e7as, Ailura cresceu, e aos poucos foi-se esquecendo do mundo encantado dos seus primeiros anos. J\u00e1 adulta, um estranho acontecimento leva-a a um mundo no qual \u00e9 confrontada com uma outra realidade bem diferente daquela que sempre conheceu. \u00c9 ent\u00e3o que percebe que a dist\u00e2ncia que a separa do mundo dos sonhos e do maravilhoso \u00e9 mais t\u00e9nue do que o ar que nos envolve.<\/p>\n<\/blockquote>\n<p style=\"text-align: justify;\">Tudo come\u00e7a e se desencadeia.<br \/>\nMovido por uma protagonista t\u00e3o resmungona quanto fr\u00e1gil, t\u00e3o determinada quanto confusa, o primeiro volume da trilogia <em>O Ceptro de Aerzis<\/em> avan\u00e7a por uma terra com essa capacidade encantat\u00f3ria dos contos \u00e0 lareira, plena de magia e sonhos mas tamb\u00e9m de meandros obscuros. N\u00e3o existe mudan\u00e7a sem sacrif\u00edcio e se uma nova vida se abre outra torna-se imposs\u00edvel. Cada decis\u00e3o ecoar\u00e1 pelo futuro.<\/p>\n<p>Comprar:<\/p>\n<p><a href=\"https:\/\/www.wook.pt\/livro\/a-filha-dos-mundos-ines-botelho\/12316673\"><img decoding=\"async\" class=\"wp-image-656 alignleft\" src=\"https:\/\/inesbotelhoteste.tk\/wp\/wp-content\/uploads\/2017\/03\/Wook_banner-300x72.png\" alt=\"\" width=\"117\" height=\"28\" srcset=\"https:\/\/inesbotelho.com\/wp-content\/uploads\/2017\/03\/Wook_banner-300x72.png 300w, https:\/\/inesbotelho.com\/wp-content\/uploads\/2017\/03\/Wook_banner-768x183.png 768w, https:\/\/inesbotelho.com\/wp-content\/uploads\/2017\/03\/Wook_banner.png 800w\" sizes=\"(max-width: 117px) 100vw, 117px\" \/><\/a><\/p>\n","protected":false},"excerpt":{"rendered":"<p>A inf\u00e2ncia de Ailura foi repleta de hist\u00f3rias de fadas, elfos e duendes. Por\u00e9m, como acontece com todas as crian\u00e7as, Ailura cresceu, e aos poucos foi-se esquecendo do mundo encantado dos seus primeiros anos. J\u00e1 adulta, um estranho acontecimento leva-a a um mundo no qual \u00e9 confrontada com uma outra realidade bem diferente daquela que [&hellip;]<\/p>\n","protected":false},"author":1,"featured_media":0,"parent":0,"menu_order":0,"comment_status":"closed","ping_status":"closed","template":"","meta":{"footnotes":""},"class_list":["post-751","page","type-page","status-publish","hentry"],"_links":{"self":[{"href":"https:\/\/inesbotelho.com\/pt\/wp-json\/wp\/v2\/pages\/751","targetHints":{"allow":["GET"]}}],"collection":[{"href":"https:\/\/inesbotelho.com\/pt\/wp-json\/wp\/v2\/pages"}],"about":[{"href":"https:\/\/inesbotelho.com\/pt\/wp-json\/wp\/v2\/types\/page"}],"author":[{"embeddable":true,"href":"https:\/\/inesbotelho.com\/pt\/wp-json\/wp\/v2\/users\/1"}],"replies":[{"embeddable":true,"href":"https:\/\/inesbotelho.com\/pt\/wp-json\/wp\/v2\/comments?post=751"}],"version-history":[{"count":11,"href":"https:\/\/inesbotelho.com\/pt\/wp-json\/wp\/v2\/pages\/751\/revisions"}],"predecessor-version":[{"id":1151,"href":"https:\/\/inesbotelho.com\/pt\/wp-json\/wp\/v2\/pages\/751\/revisions\/1151"}],"wp:attachment":[{"href":"https:\/\/inesbotelho.com\/pt\/wp-json\/wp\/v2\/media?parent=751"}],"curies":[{"name":"wp","href":"https:\/\/api.w.org\/{rel}","templated":true}]}}