{"id":758,"date":"2018-07-09T20:47:23","date_gmt":"2018-07-09T20:47:23","guid":{"rendered":"https:\/\/inesbotelho.com\/wp\/?page_id=758"},"modified":"2019-03-25T22:43:59","modified_gmt":"2019-03-25T22:43:59","slug":"a-senhora-da-noite-e-das-brumas","status":"publish","type":"page","link":"https:\/\/inesbotelho.com\/pt\/a-senhora-da-noite-e-das-brumas\/","title":{"rendered":"A Senhora da Noite e das Brumas"},"content":{"rendered":"<blockquote><p><img fetchpriority=\"high\" decoding=\"async\" class=\"wp-image-735 size-medium alignleft\" src=\"https:\/\/inesbotelhoteste.tk\/wp\/wp-content\/uploads\/2017\/05\/2012CapaSenhora400Modif-194x300.jpg\" alt=\"\" width=\"194\" height=\"300\" srcset=\"https:\/\/inesbotelho.com\/wp-content\/uploads\/2017\/05\/2012CapaSenhora400Modif-194x300.jpg 194w, https:\/\/inesbotelho.com\/wp-content\/uploads\/2017\/05\/2012CapaSenhora400Modif.jpg 400w\" sizes=\"(max-width: 194px) 100vw, 194px\" \/><\/p>\n<p style=\"text-align: justify;\">Neste segundo volume da trilogia <em>O Ceptro de Aerzis<\/em>, as Terras da Luz voltam a estar em perigo. Morgriff recuperou novamente as suas for\u00e7as e invadiu a cidade de Omnirion. A \u00fanica esperan\u00e7a do Povo da Luz \u00e9 Galaduinne, a filha de Ailura e Ed\u00ednmtor, que se refugiou em Brum\u00edvium. E \u00e9 ali que, com a ajuda da Senhora da Noite e das Brumas e das sacerdotisas de N\u00e9vila, Galaduinne aprender\u00e1 os segredos da noite e preparar-se-\u00e1 para o confronto com Morgriff.<\/p>\n<\/blockquote>\n<p style=\"text-align: justify;\">Novas vidas, outros passos e descobertas.<br \/>\nCom a trama a decorrer ao longo de v\u00e1rios anos, importa agora aprender a esperar, saber do passado e dos interst\u00edcios da pr\u00f3pria Natureza, embrenhar-se neles. Haver\u00e1 destrui\u00e7\u00e3o no entretanto, mas tamb\u00e9m mais conhecimento, mudan\u00e7as, alguns esclarecimentos. O fim prepara-se. Possuem-se j\u00e1 todos os ind\u00edcios. Apenas as decis\u00f5es das personagens poder\u00e3o desencade\u00e1-los.<\/p>\n<p>Comprar:<\/p>\n<p><a href=\"https:\/\/www.wook.pt\/livro\/a-senhora-da-noite-e-das-brumas-ines-botelho\/48875\"><img decoding=\"async\" class=\"alignnone wp-image-656\" src=\"https:\/\/inesbotelhoteste.tk\/wp\/wp-content\/uploads\/2017\/03\/Wook_banner.png\" alt=\"\" width=\"120\" height=\"29\" srcset=\"https:\/\/inesbotelho.com\/wp-content\/uploads\/2017\/03\/Wook_banner.png 800w, https:\/\/inesbotelho.com\/wp-content\/uploads\/2017\/03\/Wook_banner-300x72.png 300w, https:\/\/inesbotelho.com\/wp-content\/uploads\/2017\/03\/Wook_banner-768x183.png 768w\" sizes=\"(max-width: 120px) 100vw, 120px\" \/><\/a><\/p>\n<p>&nbsp;<\/p>\n","protected":false},"excerpt":{"rendered":"<p>Neste segundo volume da trilogia O Ceptro de Aerzis, as Terras da Luz voltam a estar em perigo. Morgriff recuperou novamente as suas for\u00e7as e invadiu a cidade de Omnirion. A \u00fanica esperan\u00e7a do Povo da Luz \u00e9 Galaduinne, a filha de Ailura e Ed\u00ednmtor, que se refugiou em Brum\u00edvium. E \u00e9 ali que, com [&hellip;]<\/p>\n","protected":false},"author":1,"featured_media":0,"parent":0,"menu_order":0,"comment_status":"closed","ping_status":"closed","template":"","meta":{"footnotes":""},"class_list":["post-758","page","type-page","status-publish","hentry"],"_links":{"self":[{"href":"https:\/\/inesbotelho.com\/pt\/wp-json\/wp\/v2\/pages\/758","targetHints":{"allow":["GET"]}}],"collection":[{"href":"https:\/\/inesbotelho.com\/pt\/wp-json\/wp\/v2\/pages"}],"about":[{"href":"https:\/\/inesbotelho.com\/pt\/wp-json\/wp\/v2\/types\/page"}],"author":[{"embeddable":true,"href":"https:\/\/inesbotelho.com\/pt\/wp-json\/wp\/v2\/users\/1"}],"replies":[{"embeddable":true,"href":"https:\/\/inesbotelho.com\/pt\/wp-json\/wp\/v2\/comments?post=758"}],"version-history":[{"count":12,"href":"https:\/\/inesbotelho.com\/pt\/wp-json\/wp\/v2\/pages\/758\/revisions"}],"predecessor-version":[{"id":1147,"href":"https:\/\/inesbotelho.com\/pt\/wp-json\/wp\/v2\/pages\/758\/revisions\/1147"}],"wp:attachment":[{"href":"https:\/\/inesbotelho.com\/pt\/wp-json\/wp\/v2\/media?parent=758"}],"curies":[{"name":"wp","href":"https:\/\/api.w.org\/{rel}","templated":true}]}}