{"id":764,"date":"2018-09-23T17:15:23","date_gmt":"2018-09-23T17:15:23","guid":{"rendered":"https:\/\/inesbotelho.com\/wp\/?page_id=764"},"modified":"2019-03-25T22:45:41","modified_gmt":"2019-03-25T22:45:41","slug":"a-rainha-das-terras-da-luz","status":"publish","type":"page","link":"https:\/\/inesbotelho.com\/pt\/a-rainha-das-terras-da-luz\/","title":{"rendered":"A Rainha das Terras da Luz"},"content":{"rendered":"<blockquote><p><img fetchpriority=\"high\" decoding=\"async\" class=\"wp-image-924 size-medium alignleft\" src=\"https:\/\/inesbotelhoteste.tk\/wp\/wp-content\/uploads\/2019\/02\/2012CapaRainha400FrontIcon-194x300.jpg\" alt=\"\" width=\"194\" height=\"300\" srcset=\"https:\/\/inesbotelho.com\/wp-content\/uploads\/2019\/02\/2012CapaRainha400FrontIcon-194x300.jpg 194w, https:\/\/inesbotelho.com\/wp-content\/uploads\/2019\/02\/2012CapaRainha400FrontIcon.jpg 400w\" sizes=\"(max-width: 194px) 100vw, 194px\" \/><\/p>\n<p style=\"text-align: justify;\">Passaram-se seis anos desde que Iruvienne se tornou Rainha das Terras da Luz. Aran regressa das Terras Brancas e com ele vem o pr\u00edncipe Legonon. Tudo parece correr bem, at\u00e9 que Iruvienne volta a sonhar com a aranha e o homem com cabelos como serpentes\u2026 Porque ter\u00e1 voltado esta Vis\u00e3o? E qual o seu significado? Estar\u00e1 a resposta a este mist\u00e9rio algures nas Terras do Norte? Chegou a altura de Iruvienne viver a aventura que sempre desejou. Mas estar\u00e1 ela preparada para o que ir\u00e1 encontrar?<\/p>\n<\/blockquote>\n<p style=\"text-align: justify;\">Chega o fim, um ciclo termina, mais vidas se entrev\u00eaem.<br \/>\nOscilante entre viagens, medos, lutas, e amores, o enredo adensa-se, une povos e interliga elementos, revelando padr\u00f5es, desvendando segredos. Afinal bem e mal relacionam-se num equil\u00edbrio prec\u00e1rio. E se a Natureza permanece uma entidade perene e pulsante, os eventos sucedem-se sem retorno poss\u00edvel. Pode apenas optar-se, tra\u00e7ar cada caminho perante conflitos, dilemas, receios \u00edntimos, e delinear indubitavelmente o desenlace.<\/p>\n<p>Comprar:<\/p>\n<p><a href=\"https:\/\/www.wook.pt\/livro\/a-rainha-das-terras-da-luz-ines-botelho\/14608328\"><img decoding=\"async\" class=\"alignleft wp-image-656\" src=\"https:\/\/inesbotelhoteste.tk\/wp\/wp-content\/uploads\/2017\/03\/Wook_banner-300x72.png\" alt=\"\" width=\"117\" height=\"28\" srcset=\"https:\/\/inesbotelho.com\/wp-content\/uploads\/2017\/03\/Wook_banner-300x72.png 300w, https:\/\/inesbotelho.com\/wp-content\/uploads\/2017\/03\/Wook_banner-768x183.png 768w, https:\/\/inesbotelho.com\/wp-content\/uploads\/2017\/03\/Wook_banner.png 800w\" sizes=\"(max-width: 117px) 100vw, 117px\" \/><\/a><\/p>\n","protected":false},"excerpt":{"rendered":"<p>Passaram-se seis anos desde que Iruvienne se tornou Rainha das Terras da Luz. Aran regressa das Terras Brancas e com ele vem o pr\u00edncipe Legonon. Tudo parece correr bem, at\u00e9 que Iruvienne volta a sonhar com a aranha e o homem com cabelos como serpentes\u2026 Porque ter\u00e1 voltado esta Vis\u00e3o? E qual o seu significado? [&hellip;]<\/p>\n","protected":false},"author":1,"featured_media":0,"parent":0,"menu_order":0,"comment_status":"closed","ping_status":"closed","template":"","meta":{"footnotes":""},"class_list":["post-764","page","type-page","status-publish","hentry"],"_links":{"self":[{"href":"https:\/\/inesbotelho.com\/pt\/wp-json\/wp\/v2\/pages\/764","targetHints":{"allow":["GET"]}}],"collection":[{"href":"https:\/\/inesbotelho.com\/pt\/wp-json\/wp\/v2\/pages"}],"about":[{"href":"https:\/\/inesbotelho.com\/pt\/wp-json\/wp\/v2\/types\/page"}],"author":[{"embeddable":true,"href":"https:\/\/inesbotelho.com\/pt\/wp-json\/wp\/v2\/users\/1"}],"replies":[{"embeddable":true,"href":"https:\/\/inesbotelho.com\/pt\/wp-json\/wp\/v2\/comments?post=764"}],"version-history":[{"count":13,"href":"https:\/\/inesbotelho.com\/pt\/wp-json\/wp\/v2\/pages\/764\/revisions"}],"predecessor-version":[{"id":1148,"href":"https:\/\/inesbotelho.com\/pt\/wp-json\/wp\/v2\/pages\/764\/revisions\/1148"}],"wp:attachment":[{"href":"https:\/\/inesbotelho.com\/pt\/wp-json\/wp\/v2\/media?parent=764"}],"curies":[{"name":"wp","href":"https:\/\/api.w.org\/{rel}","templated":true}]}}