{"id":78,"date":"2017-03-19T18:52:41","date_gmt":"2017-03-19T18:52:41","guid":{"rendered":"https:\/\/inesbotelho.com\/wp\/?page_id=78"},"modified":"2019-03-25T20:53:49","modified_gmt":"2019-03-25T20:53:49","slug":"bibliografia","status":"publish","type":"page","link":"https:\/\/inesbotelho.com\/pt\/biografia\/bibliografia\/","title":{"rendered":"Bibliografia"},"content":{"rendered":"<h3 class=\"widget-title\">Romances<\/h3>\n<ul>\n<li><a href=\"https:\/\/www.inesbotelho.com\/o-passado-que-seremos\/\"><em>O Passado Que Seremos<\/em><\/a><\/li>\n<li><a href=\"https:\/\/www.inesbotelho.com\/preludio\/\"><em>Prel\u00fadio<\/em><\/a><\/li>\n<li><a href=\"https:\/\/www.inesbotelho.com\/a-filha-dos-mundos\/\"><em>O Ceptro de Aerzis: A Filha dos Mundos<\/em><\/a><\/li>\n<li><a href=\"https:\/\/www.inesbotelho.com\/a-senhora-da-noite-e-das-brumas\/\"><em>O Ceptro de Aerzis: A Senhora da Noite e das Brumas<\/em><\/a><\/li>\n<li><em><a href=\"https:\/\/www.inesbotelho.com\/a-rainha-das-terras-da-luz\/\">O Ceptro de Aerzis: A Rainha das Terras da Luz<\/a><\/em><\/li>\n<\/ul>\n<h3 class=\"widget-title\"><a href=\"https:\/\/www.inesbotelho.com\/contos\/\">Contos<\/a><\/h3>\n<h3 class=\"widget-title\"><a href=\"https:\/\/www.inesbotelho.com\/nao-ficcao\/\">N\u00e3o Fic\u00e7\u00e3o<\/a><\/h3>\n","protected":false},"excerpt":{"rendered":"<p>Romances O Passado Que Seremos Prel\u00fadio O Ceptro de Aerzis: A Filha dos Mundos O Ceptro de Aerzis: A Senhora da Noite e das Brumas O Ceptro de Aerzis: A Rainha das Terras da Luz Contos N\u00e3o Fic\u00e7\u00e3o<\/p>\n","protected":false},"author":1,"featured_media":0,"parent":5,"menu_order":0,"comment_status":"closed","ping_status":"closed","template":"","meta":{"footnotes":""},"class_list":["post-78","page","type-page","status-publish","hentry"],"_links":{"self":[{"href":"https:\/\/inesbotelho.com\/pt\/wp-json\/wp\/v2\/pages\/78","targetHints":{"allow":["GET"]}}],"collection":[{"href":"https:\/\/inesbotelho.com\/pt\/wp-json\/wp\/v2\/pages"}],"about":[{"href":"https:\/\/inesbotelho.com\/pt\/wp-json\/wp\/v2\/types\/page"}],"author":[{"embeddable":true,"href":"https:\/\/inesbotelho.com\/pt\/wp-json\/wp\/v2\/users\/1"}],"replies":[{"embeddable":true,"href":"https:\/\/inesbotelho.com\/pt\/wp-json\/wp\/v2\/comments?post=78"}],"version-history":[{"count":35,"href":"https:\/\/inesbotelho.com\/pt\/wp-json\/wp\/v2\/pages\/78\/revisions"}],"predecessor-version":[{"id":1136,"href":"https:\/\/inesbotelho.com\/pt\/wp-json\/wp\/v2\/pages\/78\/revisions\/1136"}],"up":[{"embeddable":true,"href":"https:\/\/inesbotelho.com\/pt\/wp-json\/wp\/v2\/pages\/5"}],"wp:attachment":[{"href":"https:\/\/inesbotelho.com\/pt\/wp-json\/wp\/v2\/media?parent=78"}],"curies":[{"name":"wp","href":"https:\/\/api.w.org\/{rel}","templated":true}]}}