{"id":844,"date":"2018-12-09T15:42:34","date_gmt":"2018-12-09T15:42:34","guid":{"rendered":"https:\/\/inesbotelho.com\/wp\/?page_id=844"},"modified":"2019-03-26T16:07:50","modified_gmt":"2019-03-26T16:07:50","slug":"o-dia-da-salamandra","status":"publish","type":"page","link":"https:\/\/inesbotelho.com\/pt\/o-dia-da-salamandra\/","title":{"rendered":"O dia da salamandra"},"content":{"rendered":"<blockquote><p><a href=\"https:\/\/www.fnac.pt\/Contos-Imperfeitos-Varios\/a950157\"><img fetchpriority=\"high\" decoding=\"async\" class=\"wp-image-956 size-medium alignleft\" src=\"https:\/\/inesbotelhoteste.tk\/wp\/wp-content\/uploads\/2019\/02\/Capa_contos_imperfeitos_Small-194x300.jpg\" alt=\"\" width=\"194\" height=\"300\" srcset=\"https:\/\/inesbotelho.com\/wp-content\/uploads\/2019\/02\/Capa_contos_imperfeitos_Small-194x300.jpg 194w, https:\/\/inesbotelho.com\/wp-content\/uploads\/2019\/02\/Capa_contos_imperfeitos_Small.jpg 482w\" sizes=\"(max-width: 194px) 100vw, 194px\" \/><\/p>\n<p style=\"text-align: justify;\"><\/a>Quantas est\u00f3rias existir\u00e3o em redor do Mosteiro da Batalha?<br \/>\nFoi a pensar em todas as est\u00f3rias que s\u00e3o mentalmente esbo\u00e7adas, dia ap\u00f3s dia, por todos os visitantes que pisam o ch\u00e3o centen\u00e1rio do Mosteiro que surgiu a ideia: e porque n\u00e3o usar o Mosteiro como ponto de partida de um livro?<br \/>\nPor que n\u00e3o desafiar escritores a deambularem, imaginarem e escreverem est\u00f3rias que depois se pudessem tornar um pouco as est\u00f3rias de quem as lesse?<br \/>\nTendo esse objectivo em mente, convidaram-se vinte escritores a visitar o Mosteiro, onde passaram um fim-de-semana; olharam, tocaram, partilharam, sentiram. Depois, escreveram.<br \/>\nVinte contos, imperfeitos na sua perfei\u00e7\u00e3o.<br \/>\nQuantas est\u00f3rias existir\u00e3o dentro da hist\u00f3ria?<br \/>\nPor agora, vinte.<\/p>\n<p>&nbsp;<\/p>\n<p>Contos assinados por Afonso Cruz, Ana Cristina Silva, Andreia Monteiro, Ant\u00f3nio Manuel Venda, Cl\u00e1udia Clemente, Cristina Carvalho, Elsa Margarida Rodrigues, Fausta Cardoso Pereira, Fernando Jos\u00e9 Rodrigues, In\u00eas Botelho, In\u00eas Fonseca Santos, Jo\u00e3o Eduardo Ferreira, Jo\u00e3o Paulo Silva, Lu\u00eds Mour\u00e3o, Paulo Assim, Paulo Kellerman, Paulo Moreiras, Raquel Ochoa, Sara Monteiro, e S\u00edlvia Alves.<\/p>\n<\/blockquote>\n<p style=\"text-align: justify;\">\u201cO dia da salamandra\u201d<\/p>\n<p>Teresa est\u00e1 outra vez acordada entre os espa\u00e7os do Mosteiro da Batalha. \u00c9 a nona noite desde o cataclismo em Lisboa e torna-se cada vez mais imposs\u00edvel soterrar a mem\u00f3ria.<\/p>\n","protected":false},"excerpt":{"rendered":"<p>Quantas est\u00f3rias existir\u00e3o em redor do Mosteiro da Batalha? Foi a pensar em todas as est\u00f3rias que s\u00e3o mentalmente esbo\u00e7adas, dia ap\u00f3s dia, por todos os visitantes que pisam o ch\u00e3o centen\u00e1rio do Mosteiro que surgiu a ideia: e porque n\u00e3o usar o Mosteiro como ponto de partida de um livro? Por que n\u00e3o desafiar [&hellip;]<\/p>\n","protected":false},"author":1,"featured_media":0,"parent":0,"menu_order":0,"comment_status":"closed","ping_status":"closed","template":"","meta":{"footnotes":""},"class_list":["post-844","page","type-page","status-publish","hentry"],"_links":{"self":[{"href":"https:\/\/inesbotelho.com\/pt\/wp-json\/wp\/v2\/pages\/844","targetHints":{"allow":["GET"]}}],"collection":[{"href":"https:\/\/inesbotelho.com\/pt\/wp-json\/wp\/v2\/pages"}],"about":[{"href":"https:\/\/inesbotelho.com\/pt\/wp-json\/wp\/v2\/types\/page"}],"author":[{"embeddable":true,"href":"https:\/\/inesbotelho.com\/pt\/wp-json\/wp\/v2\/users\/1"}],"replies":[{"embeddable":true,"href":"https:\/\/inesbotelho.com\/pt\/wp-json\/wp\/v2\/comments?post=844"}],"version-history":[{"count":9,"href":"https:\/\/inesbotelho.com\/pt\/wp-json\/wp\/v2\/pages\/844\/revisions"}],"predecessor-version":[{"id":1165,"href":"https:\/\/inesbotelho.com\/pt\/wp-json\/wp\/v2\/pages\/844\/revisions\/1165"}],"wp:attachment":[{"href":"https:\/\/inesbotelho.com\/pt\/wp-json\/wp\/v2\/media?parent=844"}],"curies":[{"name":"wp","href":"https:\/\/api.w.org\/{rel}","templated":true}]}}