{"id":848,"date":"2018-12-09T15:46:31","date_gmt":"2018-12-09T15:46:31","guid":{"rendered":"https:\/\/inesbotelho.com\/wp\/?page_id=848"},"modified":"2019-03-25T19:17:09","modified_gmt":"2019-03-25T19:17:09","slug":"um-pequeno-jantar","status":"publish","type":"page","link":"https:\/\/inesbotelho.com\/pt\/um-pequeno-jantar\/","title":{"rendered":"Um pequeno jantar&#8230;"},"content":{"rendered":"<blockquote><p><img fetchpriority=\"high\" decoding=\"async\" class=\"alignleft wp-image-1079\" src=\"https:\/\/inesbotelhoteste.tk\/wp\/wp-content\/uploads\/2019\/03\/playingwithmyself_capa_400.jpg\" alt=\"\" width=\"209\" height=\"300\" \/><\/p>\n<p style=\"text-align: justify;\">Vinte fotografias de Cl\u00e1udia Clemente (com assist\u00eancia de imagem de Jo\u00e3o Miguel Silva), aliadas a outros tantos textos de diversos autores num livro bilingue com organiza\u00e7\u00e3o e edi\u00e7\u00e3o de Francisco Guedes. O design ficou a cargo de Paulo Melo Veiga e as tradu\u00e7\u00f5es para ingl\u00eas foram feitas por Rahul Bery.<br \/>\nAs v\u00e1rias hist\u00f3rias pertencem a Alice Brito, Ant\u00f3nio Cabrita, Cristina Carvalho, Fausta Cardoso Pereira, Filipa Leal, Francisco Guedes, In\u00eas Botelho, Jo\u00e3o Lu\u00eds Barreto Guimar\u00e3es, Jo\u00e3o Morales, Jo\u00e3o Paulo Guerra, Jo\u00e3o Rios, Leonardo Padura, Lu\u00eds Caetano, Lu\u00eds Carlos Patraquim, Manuel Rodrigues, Manuel Silva Ramos, M\u00e1rio Delgado Apara\u00edn, M\u00e1rio Zambujal, Rui Caeiro, e Sandra Gon\u00e7alves.<\/p>\n<\/blockquote>\n<p style=\"text-align: justify;\">\u201cUm pequeno jantar&#8230;\u201d<\/p>\n<p>Num conv\u00edvio entre amigos, um ador\u00e1vel pimpolho maravilha os presentes enquanto \u00e9 continuadamente acompanhado pela m\u00e3e.<\/p>\n","protected":false},"excerpt":{"rendered":"<p>Vinte fotografias de Cl\u00e1udia Clemente (com assist\u00eancia de imagem de Jo\u00e3o Miguel Silva), aliadas a outros tantos textos de diversos autores num livro bilingue com organiza\u00e7\u00e3o e edi\u00e7\u00e3o de Francisco Guedes. O design ficou a cargo de Paulo Melo Veiga e as tradu\u00e7\u00f5es para ingl\u00eas foram feitas por Rahul Bery. As v\u00e1rias hist\u00f3rias pertencem a [&hellip;]<\/p>\n","protected":false},"author":1,"featured_media":0,"parent":0,"menu_order":0,"comment_status":"closed","ping_status":"closed","template":"","meta":{"footnotes":""},"class_list":["post-848","page","type-page","status-publish","hentry"],"_links":{"self":[{"href":"https:\/\/inesbotelho.com\/pt\/wp-json\/wp\/v2\/pages\/848","targetHints":{"allow":["GET"]}}],"collection":[{"href":"https:\/\/inesbotelho.com\/pt\/wp-json\/wp\/v2\/pages"}],"about":[{"href":"https:\/\/inesbotelho.com\/pt\/wp-json\/wp\/v2\/types\/page"}],"author":[{"embeddable":true,"href":"https:\/\/inesbotelho.com\/pt\/wp-json\/wp\/v2\/users\/1"}],"replies":[{"embeddable":true,"href":"https:\/\/inesbotelho.com\/pt\/wp-json\/wp\/v2\/comments?post=848"}],"version-history":[{"count":4,"href":"https:\/\/inesbotelho.com\/pt\/wp-json\/wp\/v2\/pages\/848\/revisions"}],"predecessor-version":[{"id":1128,"href":"https:\/\/inesbotelho.com\/pt\/wp-json\/wp\/v2\/pages\/848\/revisions\/1128"}],"wp:attachment":[{"href":"https:\/\/inesbotelho.com\/pt\/wp-json\/wp\/v2\/media?parent=848"}],"curies":[{"name":"wp","href":"https:\/\/api.w.org\/{rel}","templated":true}]}}