{"id":850,"date":"2018-12-09T16:04:34","date_gmt":"2018-12-09T16:04:34","guid":{"rendered":"https:\/\/inesbotelho.com\/wp\/?page_id=850"},"modified":"2021-11-14T11:52:40","modified_gmt":"2021-11-14T11:52:40","slug":"contos","status":"publish","type":"page","link":"https:\/\/inesbotelho.com\/pt\/contos\/","title":{"rendered":"Contos"},"content":{"rendered":"<p><strong><a href=\"https:\/\/www.youtube.com\/watch?v=C-TFloPX2lo\">\u201cAi que a Princesa \u00e9 um diabrete!\u201d<\/a><br \/>\n<a href=\"http:\/\/bairrodoslivros.com\/\">Bairro dos Livros<\/a> (2020)<\/strong><\/p>\n<p style=\"text-align: justify;\">Nasce uma princesa traquinas nesta hist\u00f3ria infantil contada em v\u00eddeo para a Biblioteca Emocional desenvolvida pelo Bairro dos Livros.<\/p>\n<p><strong><a href=\"https:\/\/inesbotelho.com\/ouve\/\">\u201cOuve\u201d<\/a><br \/>\n<a href=\"http:\/\/www.incomunidade.com\/\">Revista InComunidade<\/a> (2021)<br \/>\n<em>Km 0<\/em> (2018)<\/strong><\/p>\n<p style=\"text-align: justify;\">Parte da colect\u00e2nea desenvolvida a partir da segunda edi\u00e7\u00e3o do festival liter\u00e1rio Ponte Escrita \u2013 Encontro Luso-Galaico de Escritores que decorreu em Chaves e Ver\u00edn. Posteriormente <a href=\"http:\/\/www.incomunidade.com\/ouve-ines-botelho\/\">republicado na revista online InComunidade<\/a>.<\/p>\n<p><strong><a href=\"https:\/\/www.portaldaliteratura.com\/cronicas.php?id=160\">\u201cMulher de salto alto\u201d<\/a><br \/>\n<a href=\"https:\/\/www.portaldaliteratura.com\/\">Portal da Literatura<\/a> (2018)<\/strong><\/p>\n<p style=\"text-align: justify;\">Uma mulher que passa e dois estranhos que observam.<\/p>\n<p><strong><a href=\"https:\/\/inesbotelho.com\/um-pequeno-jantar\/\">\u201cUm pequeno jantar&#8230;\u201d<\/a><br \/>\n<em>Playing with myself<\/em> (2017)<\/strong><\/p>\n<p style=\"text-align: justify;\">Uma das hist\u00f3rias que acompanham vinte fotografias de Cl\u00e1udia Clemente.<\/p>\n<p><strong><a href=\"https:\/\/inesbotelho.com\/o-dia-da-salamandra\/\">\u201cO dia da salamandra\u201d<\/a><br \/>\n<em>Contos Imperfeitos<\/em> (2016)<\/strong><\/p>\n<p style=\"text-align: justify;\">Integrado na colect\u00e2nea elaborada em torno do Mosteiro do Batalha.<\/p>\n<p><strong>\u201cUma cidade para Calvino\u201d<br \/>\n<a href=\"https:\/\/revistabang.com\/2013\/11\/09\/revista-bang-15\/\">Revista Bang! 15<\/a> (2013)<\/strong><\/p>\n<p style=\"text-align: justify;\">Bem-vindos a Lib\u00e9lula.<\/p>\n<p><strong>\u201c<em>Fel<\/em>icidade\u201d<br \/>\n<a href=\"https:\/\/revistabang.com\/2010\/08\/07\/revista-bang-8\/\">Revista Bang! 8<\/a> (2010)<\/strong><\/p>\n<p style=\"text-align: justify;\">O telefone toca ainda antes do fim do jogo. \u00c9 a consequ\u00eancia das MIF: h\u00e1 sempre um tipo qualquer que se engasga nestes dias.<\/p>\n<p><strong>\u201cNa noite branca o vermelho\u201d<\/strong><br \/>\n<strong><a href=\"http:\/\/www.cm-pvarzim.pt\/areas-de-atividade\/povoa-cultural\/pelouro-cultural\/areas-de-accao\/correntes-d-escritas\/revista-correntes-d-escritas\">Revista Correntes d\u2019Escritas<\/a> (2010)<\/strong><\/p>\n<p style=\"text-align: justify;\">Uma crian\u00e7a a caminhar \u00e0 noite pela neve. A mem\u00f3ria rubra do que aconteceu antes. O ecoar das velhas hist\u00f3rias e tr\u00eas cores que servem de motivo e pilar.<\/p>\n<p><strong>\u201cA encomenda\u201d<br \/>\n<a href=\"https:\/\/revistabang.com\/2008\/12\/07\/revista-bang-4\/\">Revista Bang! 4<\/a> (2008)<\/strong><\/p>\n<p style=\"text-align: justify;\">O artista chega ao casar\u00e3o. Mais um retrato de uma jovenzinha rica, outro desses trabalhos para pagar as contas. Mas n\u00e3o \u00e9 isso que se sucede.<\/p>\n","protected":false},"excerpt":{"rendered":"<p>\u201cAi que a Princesa \u00e9 um diabrete!\u201d Bairro dos Livros (2020) Nasce uma princesa traquinas nesta hist\u00f3ria infantil contada em v\u00eddeo para a Biblioteca Emocional desenvolvida pelo Bairro dos Livros. \u201cOuve\u201d Revista InComunidade (2021) Km 0 (2018) Parte da colect\u00e2nea desenvolvida a partir da segunda edi\u00e7\u00e3o do festival liter\u00e1rio Ponte Escrita \u2013 Encontro Luso-Galaico de [&hellip;]<\/p>\n","protected":false},"author":1,"featured_media":0,"parent":0,"menu_order":0,"comment_status":"closed","ping_status":"closed","template":"","meta":{"footnotes":""},"class_list":["post-850","page","type-page","status-publish","hentry"],"_links":{"self":[{"href":"https:\/\/inesbotelho.com\/pt\/wp-json\/wp\/v2\/pages\/850","targetHints":{"allow":["GET"]}}],"collection":[{"href":"https:\/\/inesbotelho.com\/pt\/wp-json\/wp\/v2\/pages"}],"about":[{"href":"https:\/\/inesbotelho.com\/pt\/wp-json\/wp\/v2\/types\/page"}],"author":[{"embeddable":true,"href":"https:\/\/inesbotelho.com\/pt\/wp-json\/wp\/v2\/users\/1"}],"replies":[{"embeddable":true,"href":"https:\/\/inesbotelho.com\/pt\/wp-json\/wp\/v2\/comments?post=850"}],"version-history":[{"count":22,"href":"https:\/\/inesbotelho.com\/pt\/wp-json\/wp\/v2\/pages\/850\/revisions"}],"predecessor-version":[{"id":1252,"href":"https:\/\/inesbotelho.com\/pt\/wp-json\/wp\/v2\/pages\/850\/revisions\/1252"}],"wp:attachment":[{"href":"https:\/\/inesbotelho.com\/pt\/wp-json\/wp\/v2\/media?parent=850"}],"curies":[{"name":"wp","href":"https:\/\/api.w.org\/{rel}","templated":true}]}}